{"id":277,"date":"2021-07-22T17:51:44","date_gmt":"2021-07-22T16:51:44","guid":{"rendered":"https:\/\/stonepro.pt\/?page_id=277"},"modified":"2021-07-23T10:15:05","modified_gmt":"2021-07-23T09:15:05","slug":"projeto-si-inovacao-produtiva","status":"publish","type":"page","link":"https:\/\/stonepro.pt\/en\/projeto-si-inovacao-produtiva\/","title":{"rendered":"Projeto SI Inova\u00e7\u00e3o Produtiva"},"content":{"rendered":"<div data-elementor-type=\"wp-page\" data-elementor-id=\"277\" class=\"elementor elementor-277\" data-elementor-post-type=\"page\">\n\t\t\t\t\t\t<section class=\"elementor-section elementor-top-section elementor-element elementor-element-011ad8a elementor-section-boxed elementor-section-height-default elementor-section-height-default\" data-id=\"011ad8a\" data-element_type=\"section\" data-e-type=\"section\">\n\t\t\t\t\t\t<div class=\"elementor-container elementor-column-gap-default\">\n\t\t\t\t\t<div class=\"elementor-column elementor-col-100 elementor-top-column elementor-element elementor-element-5befbad\" data-id=\"5befbad\" data-element_type=\"column\" data-e-type=\"column\">\n\t\t\t<div class=\"elementor-widget-wrap elementor-element-populated\">\n\t\t\t\t\t\t<div class=\"elementor-element elementor-element-14693e9 elementor-widget elementor-widget-heading\" data-id=\"14693e9\" data-element_type=\"widget\" data-e-type=\"widget\" data-widget_type=\"heading.default\">\n\t\t\t\t<div class=\"elementor-widget-container\">\n\t\t\t\t\t<h2 class=\"elementor-heading-title elementor-size-default\">Projeto SI Inova\u00e7\u00e3o Produtiva<\/h2>\t\t\t\t<\/div>\n\t\t\t\t<\/div>\n\t\t\t\t\t<\/div>\n\t\t<\/div>\n\t\t\t\t\t<\/div>\n\t\t<\/section>\n\t\t\t\t<section class=\"elementor-section elementor-top-section elementor-element elementor-element-93060a9 elementor-section-boxed elementor-section-height-default elementor-section-height-default\" data-id=\"93060a9\" data-element_type=\"section\" data-e-type=\"section\">\n\t\t\t\t\t\t<div class=\"elementor-container elementor-column-gap-default\">\n\t\t\t\t\t<div class=\"elementor-column elementor-col-100 elementor-top-column elementor-element elementor-element-df1770b\" data-id=\"df1770b\" data-element_type=\"column\" data-e-type=\"column\">\n\t\t\t<div class=\"elementor-widget-wrap elementor-element-populated\">\n\t\t\t\t\t\t<div class=\"elementor-element elementor-element-1423a6b elementor-widget elementor-widget-image\" data-id=\"1423a6b\" data-element_type=\"widget\" data-e-type=\"widget\" data-widget_type=\"image.default\">\n\t\t\t\t<div class=\"elementor-widget-container\">\n\t\t\t\t\t\t\t\t\t\t\t\t\t\t\t<img fetchpriority=\"high\" decoding=\"async\" width=\"610\" height=\"141\" src=\"https:\/\/stonepro.pt\/wp-content\/uploads\/2018\/11\/cropped-Co-financiamento.jpg\" class=\"attachment-large size-large wp-image-217\" alt=\"\" srcset=\"https:\/\/stonepro.pt\/wp-content\/uploads\/2018\/11\/cropped-Co-financiamento.jpg 610w, https:\/\/stonepro.pt\/wp-content\/uploads\/2018\/11\/cropped-Co-financiamento-300x69.jpg 300w\" sizes=\"(max-width: 610px) 100vw, 610px\" \/>\t\t\t\t\t\t\t\t\t\t\t\t\t\t\t<\/div>\n\t\t\t\t<\/div>\n\t\t\t\t\t<\/div>\n\t\t<\/div>\n\t\t\t\t\t<\/div>\n\t\t<\/section>\n\t\t\t\t<section class=\"elementor-section elementor-top-section elementor-element elementor-element-c2dd0eb elementor-section-height-full elementor-section-items-stretch elementor-section-boxed elementor-section-height-default\" data-id=\"c2dd0eb\" data-element_type=\"section\" data-e-type=\"section\">\n\t\t\t\t\t\t<div class=\"elementor-container elementor-column-gap-default\">\n\t\t\t\t\t<div class=\"elementor-column elementor-col-100 elementor-top-column elementor-element elementor-element-e6ee9b6\" data-id=\"e6ee9b6\" data-element_type=\"column\" data-e-type=\"column\">\n\t\t\t<div class=\"elementor-widget-wrap elementor-element-populated\">\n\t\t\t\t\t\t<div class=\"elementor-element elementor-element-d04675e elementor-widget__width-inherit elementor-widget elementor-widget-text-editor\" data-id=\"d04675e\" data-element_type=\"widget\" data-e-type=\"widget\" data-widget_type=\"text-editor.default\">\n\t\t\t\t<div class=\"elementor-widget-container\">\n\t\t\t\t\t\t\t\t\t<p><strong>Designa\u00e7\u00e3o do projeto:<\/strong> Cria\u00e7\u00e3o de uma linha industrial pr\u00f3pria para dar resposta ao crescimento exponencial da procura externa verificada.\u00a0<br \/>\u00a0 \u00a0 \u00a0 \u00a0 \u00a0 \u00a0 \u00a0 \u00a0Aposta em fatores de diferencia\u00e7\u00e3o produtiva.<\/p><p><strong>C\u00f3digo do projeto:<\/strong> NORTE-02-0853-FEDER-033018<\/p><p><strong>Objetivo principal:<\/strong> Refor\u00e7ar a competitividade das PME<\/p><p><strong>Regi\u00e3o de interven\u00e7\u00e3o:<\/strong> Norte<\/p><p><strong>Entidade bene\ufb01ci\u00e1ria:<\/strong> STONEPRO &#8211; GRANITOS, LDA<\/p><p><strong>Data de aprova\u00e7\u00e3o:<\/strong> 2018-02-22<\/p><p><strong>Data de in\u00edcio:<\/strong> 2018-01-30<\/p><p><strong>Data de conclus\u00e3o:<\/strong> 2020-01-29<\/p><p><strong>Custo total eleg\u00edvel FEDER<\/strong> &#8211; 2.571.128,41EUR<\/p><p><strong>Apoio \ufb01nanceiro da Uni\u00e3o Europeia<\/strong> &#8211; 1.542.677,05EUR<\/p><p><strong>Designa\u00e7\u00e3o do projeto:<\/strong> Cria\u00e7\u00e3o de uma linha industrial pr\u00f3pria para dar resposta ao crescimento exponencial da procura externa verificada.\u00a0<\/p>\t\t\t\t\t\t\t\t<\/div>\n\t\t\t\t<\/div>\n\t\t\t\t\t<\/div>\n\t\t<\/div>\n\t\t\t\t\t<\/div>\n\t\t<\/section>\n\t\t\t\t<\/div>","protected":false},"excerpt":{"rendered":"<p>Projeto SI Inova\u00e7\u00e3o Produtiva Designa\u00e7\u00e3o do projeto: Cria\u00e7\u00e3o de uma linha industrial pr\u00f3pria para dar resposta ao crescimento exponencial da procura externa verificada.\u00a0\u00a0 \u00a0 \u00a0 \u00a0 \u00a0 \u00a0 \u00a0 \u00a0Aposta em fatores de diferencia\u00e7\u00e3o produtiva.<a class=\"moretag\" href=\"https:\/\/stonepro.pt\/en\/projeto-si-inovacao-produtiva\/\"> Read more&hellip;<\/a><\/p>","protected":false},"author":1,"featured_media":0,"parent":0,"menu_order":0,"comment_status":"closed","ping_status":"closed","template":"","meta":{"footnotes":""},"class_list":["post-277","page","type-page","status-publish","hentry"],"wppr_data":{"cwp_meta_box_check":"No"},"_links":{"self":[{"href":"https:\/\/stonepro.pt\/en\/wp-json\/wp\/v2\/pages\/277","targetHints":{"allow":["GET"]}}],"collection":[{"href":"https:\/\/stonepro.pt\/en\/wp-json\/wp\/v2\/pages"}],"about":[{"href":"https:\/\/stonepro.pt\/en\/wp-json\/wp\/v2\/types\/page"}],"author":[{"embeddable":true,"href":"https:\/\/stonepro.pt\/en\/wp-json\/wp\/v2\/users\/1"}],"replies":[{"embeddable":true,"href":"https:\/\/stonepro.pt\/en\/wp-json\/wp\/v2\/comments?post=277"}],"version-history":[{"count":26,"href":"https:\/\/stonepro.pt\/en\/wp-json\/wp\/v2\/pages\/277\/revisions"}],"predecessor-version":[{"id":308,"href":"https:\/\/stonepro.pt\/en\/wp-json\/wp\/v2\/pages\/277\/revisions\/308"}],"wp:attachment":[{"href":"https:\/\/stonepro.pt\/en\/wp-json\/wp\/v2\/media?parent=277"}],"curies":[{"name":"wp","href":"https:\/\/api.w.org\/{rel}","templated":true}]}}