{"id":174,"date":"2018-11-20T09:15:05","date_gmt":"2018-11-20T11:15:05","guid":{"rendered":"http:\/\/stonepro.pt\/?page_id=174"},"modified":"2021-07-30T11:16:28","modified_gmt":"2021-07-30T10:16:28","slug":"co-financiamento","status":"publish","type":"page","link":"https:\/\/stonepro.pt\/pt_pt\/co-financiamento\/","title":{"rendered":"Projeto SI Internacionaliza\u00e7\u00e3o de PME"},"content":{"rendered":"\t\t<div data-elementor-type=\"wp-post\" data-elementor-id=\"174\" class=\"elementor elementor-174\" data-elementor-post-type=\"page\">\n\t\t\t\t\t\t<section class=\"elementor-section elementor-top-section elementor-element elementor-element-87292bc elementor-section-boxed elementor-section-height-default elementor-section-height-default\" data-id=\"87292bc\" data-element_type=\"section\" data-e-type=\"section\">\n\t\t\t\t\t\t<div class=\"elementor-container elementor-column-gap-default\">\n\t\t\t\t\t<div class=\"elementor-column elementor-col-100 elementor-top-column elementor-element elementor-element-990f2ce\" data-id=\"990f2ce\" data-element_type=\"column\" data-e-type=\"column\">\n\t\t\t<div class=\"elementor-widget-wrap elementor-element-populated\">\n\t\t\t\t\t\t<div class=\"elementor-element elementor-element-8bfe7e5 elementor-widget elementor-widget-heading\" data-id=\"8bfe7e5\" data-element_type=\"widget\" data-e-type=\"widget\" data-widget_type=\"heading.default\">\n\t\t\t\t<div class=\"elementor-widget-container\">\n\t\t\t\t\t<h2 class=\"elementor-heading-title elementor-size-default\">Projeto SI Internacionaliza\u00e7\u00e3o de PME <\/h2>\t\t\t\t<\/div>\n\t\t\t\t<\/div>\n\t\t\t\t\t<\/div>\n\t\t<\/div>\n\t\t\t\t\t<\/div>\n\t\t<\/section>\n\t\t\t\t<section class=\"elementor-section elementor-top-section elementor-element elementor-element-2be98070 elementor-section-stretched elementor-section-height-full elementor-section-items-stretch elementor-section-content-middle elementor-section-boxed elementor-section-height-default\" data-id=\"2be98070\" data-element_type=\"section\" data-e-type=\"section\" data-settings=\"{&quot;stretch_section&quot;:&quot;section-stretched&quot;}\">\n\t\t\t\t\t\t<div class=\"elementor-container elementor-column-gap-default\">\n\t\t\t\t\t<div class=\"elementor-column elementor-col-100 elementor-top-column elementor-element elementor-element-6089dc3b\" data-id=\"6089dc3b\" data-element_type=\"column\" data-e-type=\"column\" data-settings=\"{&quot;background_background&quot;:&quot;gradient&quot;}\">\n\t\t\t<div class=\"elementor-widget-wrap elementor-element-populated\">\n\t\t\t\t\t\t<div class=\"elementor-element elementor-element-a12b819 elementor-widget elementor-widget-text-editor\" data-id=\"a12b819\" data-element_type=\"widget\" data-e-type=\"widget\" data-widget_type=\"text-editor.default\">\n\t\t\t\t<div class=\"elementor-widget-container\">\n\t\t\t\t\t\t\t\t\t<h3><strong>Cofinanciado por:<\/strong><\/h3>\t\t\t\t\t\t\t\t<\/div>\n\t\t\t\t<\/div>\n\t\t\t\t<div class=\"elementor-element elementor-element-b539a43 elementor-widget elementor-widget-image\" data-id=\"b539a43\" data-element_type=\"widget\" data-e-type=\"widget\" data-widget_type=\"image.default\">\n\t\t\t\t<div class=\"elementor-widget-container\">\n\t\t\t\t\t\t\t\t\t\t\t\t\t\t\t<img fetchpriority=\"high\" decoding=\"async\" width=\"750\" height=\"97\" src=\"https:\/\/stonepro.pt\/wp-content\/uploads\/2018\/06\/barra_feder-1024x132.jpg\" class=\"attachment-large size-large wp-image-118\" alt=\"\" srcset=\"https:\/\/stonepro.pt\/wp-content\/uploads\/2018\/06\/barra_feder-1024x132.jpg 1024w, https:\/\/stonepro.pt\/wp-content\/uploads\/2018\/06\/barra_feder-300x39.jpg 300w, https:\/\/stonepro.pt\/wp-content\/uploads\/2018\/06\/barra_feder-768x99.jpg 768w\" sizes=\"(max-width: 750px) 100vw, 750px\" \/>\t\t\t\t\t\t\t\t\t\t\t\t\t\t\t<\/div>\n\t\t\t\t<\/div>\n\t\t\t\t<div class=\"elementor-element elementor-element-c3898c6 elementor-widget elementor-widget-text-editor\" data-id=\"c3898c6\" data-element_type=\"widget\" data-e-type=\"widget\" data-widget_type=\"text-editor.default\">\n\t\t\t\t<div class=\"elementor-widget-container\">\n\t\t\t\t\t\t\t\t\t<h6><\/h6><p><strong>Designa\u00e7\u00e3o do projeto:<\/strong> Internacionaliza\u00e7\u00e3o da StonePro e promo\u00e7\u00e3o de fatores imateriais de competitividade<\/p><p><strong>C\u00f3digo do projeto:<\/strong> NORTE-02-0752-FEDER-021046<\/p><p><strong>Objetivo principal:<\/strong> Refor\u00e7ar a competitividade das PME<\/p><p><strong>Regi\u00e3o de interven\u00e7\u00e3o:<\/strong> Norte<\/p><p><strong>Entidade bene\ufb01ci\u00e1ria: <\/strong>STONEPRO &#8211; GRANITOS, LDA<\/p><p><strong>Data de aprova\u00e7\u00e3o <\/strong>2017-02-17<\/p><p><strong>Data de in\u00edcio <\/strong>2017-05-01<\/p><p><strong>Data de conclus\u00e3o<\/strong> 2019-10-31<\/p><p><strong>Custo total eleg\u00edvel FEDER<\/strong> &#8211; 141.195,00EUR<\/p><p><strong>Apoio \ufb01nanceiro da Uni\u00e3o Europeia<\/strong> &#8211; 63.537,75EUR<\/p><p><strong>Objetivos, atividades e resultados esperados\/atingidos:<\/strong> A StonePro pretende conquistar compet\u00eancias ao n\u00edvel da internacionaliza\u00e7\u00e3o investindo em novos fatores de inova\u00e7\u00e3o baseados no conhecimento dos mercados e na sele\u00e7\u00e3o das melhores pr\u00e1ticas de relacionamento com os seus clientes.<\/p><p><strong>Principais resultados atingidos no p\u00f3s projeto destacam-se:<\/strong><\/p><p>Cria\u00e7\u00e3o de 4 postos de trabalho qualificados;<\/p><p>Volume de Neg\u00f3cio de 3.072.877,18EUR;<\/p><p>83,00% do volume de neg\u00f3cio corresponde a exporta\u00e7\u00f5es que se realizaram para Espanha, Fran\u00e7a, Luxemburgo, Alemanha, Finl\u00e2ndia, Let\u00f3nia e Marrocos.<\/p><p><img decoding=\"async\" width=\"398\" height=\"198\" class=\"alignnone wp-image-178\" alt=\"\" src=\"http:\/\/stonepro.pt\/wp-content\/uploads\/2018\/11\/Stone-pro-3.jpg\" srcset=\"https:\/\/stonepro.pt\/wp-content\/uploads\/2018\/11\/Stone-pro-3.jpg 960w, https:\/\/stonepro.pt\/wp-content\/uploads\/2018\/11\/Stone-pro-3-300x149.jpg 300w, https:\/\/stonepro.pt\/wp-content\/uploads\/2018\/11\/Stone-pro-3-768x382.jpg 768w\" sizes=\"(max-width: 398px) 100vw, 398px\" \/><img decoding=\"async\" width=\"270\" height=\"203\" class=\"wp-image-177 alignright\" alt=\"\" src=\"http:\/\/stonepro.pt\/wp-content\/uploads\/2018\/11\/feira-italia.jpg\" srcset=\"https:\/\/stonepro.pt\/wp-content\/uploads\/2018\/11\/feira-italia.jpg 960w, https:\/\/stonepro.pt\/wp-content\/uploads\/2018\/11\/feira-italia-300x225.jpg 300w, https:\/\/stonepro.pt\/wp-content\/uploads\/2018\/11\/feira-italia-768x576.jpg 768w\" sizes=\"(max-width: 270px) 100vw, 270px\" \/><\/p>\t\t\t\t\t\t\t\t<\/div>\n\t\t\t\t<\/div>\n\t\t\t\t\t<\/div>\n\t\t<\/div>\n\t\t\t\t\t<\/div>\n\t\t<\/section>\n\t\t\t\t<\/div>\n\t\t","protected":false},"excerpt":{"rendered":"<p>Projeto SI Internacionaliza\u00e7\u00e3o de PME Cofinanciado por: Designa\u00e7\u00e3o do projeto: Internacionaliza\u00e7\u00e3o da StonePro e promo\u00e7\u00e3o de fatores imateriais de competitividade C\u00f3digo do projeto: NORTE-02-0752-FEDER-021046 Objetivo principal: Refor\u00e7ar a competitividade das PME Regi\u00e3o de interven\u00e7\u00e3o: Norte<a class=\"moretag\" href=\"https:\/\/stonepro.pt\/pt_pt\/co-financiamento\/\"> Read more&hellip;<\/a><\/p>\n","protected":false},"author":1,"featured_media":0,"parent":0,"menu_order":0,"comment_status":"closed","ping_status":"closed","template":"","meta":{"footnotes":""},"class_list":["post-174","page","type-page","status-publish","hentry"],"wppr_data":{"cwp_meta_box_check":"No"},"_links":{"self":[{"href":"https:\/\/stonepro.pt\/pt_pt\/wp-json\/wp\/v2\/pages\/174","targetHints":{"allow":["GET"]}}],"collection":[{"href":"https:\/\/stonepro.pt\/pt_pt\/wp-json\/wp\/v2\/pages"}],"about":[{"href":"https:\/\/stonepro.pt\/pt_pt\/wp-json\/wp\/v2\/types\/page"}],"author":[{"embeddable":true,"href":"https:\/\/stonepro.pt\/pt_pt\/wp-json\/wp\/v2\/users\/1"}],"replies":[{"embeddable":true,"href":"https:\/\/stonepro.pt\/pt_pt\/wp-json\/wp\/v2\/comments?post=174"}],"version-history":[{"count":30,"href":"https:\/\/stonepro.pt\/pt_pt\/wp-json\/wp\/v2\/pages\/174\/revisions"}],"predecessor-version":[{"id":317,"href":"https:\/\/stonepro.pt\/pt_pt\/wp-json\/wp\/v2\/pages\/174\/revisions\/317"}],"wp:attachment":[{"href":"https:\/\/stonepro.pt\/pt_pt\/wp-json\/wp\/v2\/media?parent=174"}],"curies":[{"name":"wp","href":"https:\/\/api.w.org\/{rel}","templated":true}]}}